{"id":372,"date":"2023-04-06T15:25:05","date_gmt":"2023-04-06T12:25:05","guid":{"rendered":"https:\/\/primedentistanbul.com\/de\/?page_id=372"},"modified":"2023-05-12T14:59:16","modified_gmt":"2023-05-12T11:59:16","slug":"blog","status":"publish","type":"page","link":"https:\/\/primedentistanbul.com\/de\/blog\/","title":{"rendered":"Blog"},"content":{"rendered":"\t\t<div data-elementor-type=\"wp-page\" data-elementor-id=\"372\" class=\"elementor elementor-372\">\n\t\t\t\t\t\t\t\t\t<section class=\"elementor-section elementor-top-section elementor-element elementor-element-ed9a5d0 elementor-section-boxed elementor-section-height-default elementor-section-height-default\" data-id=\"ed9a5d0\" data-element_type=\"section\" data-settings=\"{&quot;background_background&quot;:&quot;classic&quot;}\">\n\t\t\t\t\t\t<div class=\"elementor-container elementor-column-gap-default\">\n\t\t\t\t\t<div class=\"elementor-column elementor-col-100 elementor-top-column elementor-element elementor-element-1ea74ec\" data-id=\"1ea74ec\" data-element_type=\"column\">\n\t\t\t<div class=\"elementor-widget-wrap elementor-element-populated\">\n\t\t\t\t\t\t\t\t<div class=\"elementor-element elementor-element-e345e83 elementor-widget elementor-widget-heading\" data-id=\"e345e83\" data-element_type=\"widget\" data-widget_type=\"heading.default\">\n\t\t\t\t<div class=\"elementor-widget-container\">\n\t\t\t<style>\/*! elementor - v3.12.2 - 23-04-2023 *\/\n.elementor-heading-title{padding:0;margin:0;line-height:1}.elementor-widget-heading .elementor-heading-title[class*=elementor-size-]>a{color:inherit;font-size:inherit;line-height:inherit}.elementor-widget-heading .elementor-heading-title.elementor-size-small{font-size:15px}.elementor-widget-heading .elementor-heading-title.elementor-size-medium{font-size:19px}.elementor-widget-heading .elementor-heading-title.elementor-size-large{font-size:29px}.elementor-widget-heading .elementor-heading-title.elementor-size-xl{font-size:39px}.elementor-widget-heading .elementor-heading-title.elementor-size-xxl{font-size:59px}<\/style><h1 class=\"elementor-heading-title elementor-size-default\">Blog<\/h1>\t\t<\/div>\n\t\t\t\t<\/div>\n\t\t\t\t<div class=\"elementor-element elementor-element-002f42c elementor-widget-divider--view-line elementor-widget elementor-widget-divider\" data-id=\"002f42c\" data-element_type=\"widget\" data-widget_type=\"divider.default\">\n\t\t\t\t<div class=\"elementor-widget-container\">\n\t\t\t<style>\/*! elementor - v3.12.2 - 23-04-2023 *\/\n.elementor-widget-divider{--divider-border-style:none;--divider-border-width:1px;--divider-color:#0c0d0e;--divider-icon-size:20px;--divider-element-spacing:10px;--divider-pattern-height:24px;--divider-pattern-size:20px;--divider-pattern-url:none;--divider-pattern-repeat:repeat-x}.elementor-widget-divider .elementor-divider{display:flex}.elementor-widget-divider .elementor-divider__text{font-size:15px;line-height:1;max-width:95%}.elementor-widget-divider .elementor-divider__element{margin:0 var(--divider-element-spacing);flex-shrink:0}.elementor-widget-divider .elementor-icon{font-size:var(--divider-icon-size)}.elementor-widget-divider .elementor-divider-separator{display:flex;margin:0;direction:ltr}.elementor-widget-divider--view-line_icon .elementor-divider-separator,.elementor-widget-divider--view-line_text .elementor-divider-separator{align-items:center}.elementor-widget-divider--view-line_icon .elementor-divider-separator:after,.elementor-widget-divider--view-line_icon .elementor-divider-separator:before,.elementor-widget-divider--view-line_text .elementor-divider-separator:after,.elementor-widget-divider--view-line_text .elementor-divider-separator:before{display:block;content:\"\";border-bottom:0;flex-grow:1;border-top:var(--divider-border-width) var(--divider-border-style) var(--divider-color)}.elementor-widget-divider--element-align-left .elementor-divider .elementor-divider-separator>.elementor-divider__svg:first-of-type{flex-grow:0;flex-shrink:100}.elementor-widget-divider--element-align-left .elementor-divider-separator:before{content:none}.elementor-widget-divider--element-align-left .elementor-divider__element{margin-left:0}.elementor-widget-divider--element-align-right .elementor-divider .elementor-divider-separator>.elementor-divider__svg:last-of-type{flex-grow:0;flex-shrink:100}.elementor-widget-divider--element-align-right .elementor-divider-separator:after{content:none}.elementor-widget-divider--element-align-right .elementor-divider__element{margin-right:0}.elementor-widget-divider:not(.elementor-widget-divider--view-line_text):not(.elementor-widget-divider--view-line_icon) .elementor-divider-separator{border-top:var(--divider-border-width) var(--divider-border-style) var(--divider-color)}.elementor-widget-divider--separator-type-pattern{--divider-border-style:none}.elementor-widget-divider--separator-type-pattern.elementor-widget-divider--view-line .elementor-divider-separator,.elementor-widget-divider--separator-type-pattern:not(.elementor-widget-divider--view-line) .elementor-divider-separator:after,.elementor-widget-divider--separator-type-pattern:not(.elementor-widget-divider--view-line) .elementor-divider-separator:before,.elementor-widget-divider--separator-type-pattern:not([class*=elementor-widget-divider--view]) .elementor-divider-separator{width:100%;min-height:var(--divider-pattern-height);-webkit-mask-size:var(--divider-pattern-size) 100%;mask-size:var(--divider-pattern-size) 100%;-webkit-mask-repeat:var(--divider-pattern-repeat);mask-repeat:var(--divider-pattern-repeat);background-color:var(--divider-color);-webkit-mask-image:var(--divider-pattern-url);mask-image:var(--divider-pattern-url)}.elementor-widget-divider--no-spacing{--divider-pattern-size:auto}.elementor-widget-divider--bg-round{--divider-pattern-repeat:round}.rtl .elementor-widget-divider .elementor-divider__text{direction:rtl}.e-con-inner>.elementor-widget-divider,.e-con>.elementor-widget-divider{width:var(--container-widget-width,100%);--flex-grow:var(--container-widget-flex-grow)}<\/style>\t\t<div class=\"elementor-divider\">\n\t\t\t<span class=\"elementor-divider-separator\">\n\t\t\t\t\t\t<\/span>\n\t\t<\/div>\n\t\t\t\t<\/div>\n\t\t\t\t<\/div>\n\t\t\t\t<div class=\"elementor-element elementor-element-827c3c1 elementor-grid-eael-col-4 elementor-grid-tablet-eael-col-2 elementor-grid-mobile-eael-col-1 elementor-widget elementor-widget-eael-post-grid\" data-id=\"827c3c1\" data-element_type=\"widget\" data-settings=\"{&quot;eael_post_grid_columns&quot;:&quot;eael-col-4&quot;,&quot;eael_post_grid_columns_tablet&quot;:&quot;eael-col-2&quot;,&quot;eael_post_grid_columns_mobile&quot;:&quot;eael-col-1&quot;}\" data-widget_type=\"eael-post-grid.default\">\n\t\t\t\t<div class=\"elementor-widget-container\">\n\t\t\t<div id=\"eael-post-grid-827c3c1\" class=\"eael-post-grid-container\">\n            <div class=\"eael-post-grid eael-post-appender eael-post-appender-827c3c1 eael-post-grid-style-default\" data-layout-mode=\"grid\"><article class=\"eael-grid-post eael-post-grid-column\" data-id=\"3305\">\n        <div class=\"eael-grid-post-holder\">\n            <div class=\"eael-grid-post-holder-inner\"><div class=\"eael-entry-media\"><div class=\"eael-entry-overlay fade-in\"><i class=\"icon icon-tooth-1\" aria-hidden=\"true\"><\/i><a href=\"https:\/\/primedentistanbul.com\/de\/blog\/dauer-der-implantatbehandlung\/\"><\/a><\/div><div class=\"eael-entry-thumbnail \">\n                <img loading=\"lazy\" decoding=\"async\" width=\"1382\" height=\"829\" src=\"https:\/\/primedentistanbul.com\/de\/wp-content\/uploads\/implant-tedavi-suresi.jpg\" class=\"attachment-medium size-medium wp-image-3308\" alt=\"\" srcset=\"https:\/\/primedentistanbul.com\/de\/wp-content\/uploads\/implant-tedavi-suresi.jpg 1382w, https:\/\/primedentistanbul.com\/de\/wp-content\/uploads\/implant-tedavi-suresi-768x461.jpg 768w\" sizes=\"auto, (max-width: 1382px) 100vw, 1382px\" \/>\n            <\/div>\n        <\/div><div class=\"eael-entry-wrapper\"><header class=\"eael-entry-header\"><h2 class=\"eael-entry-title\"><a\n                        class=\"eael-grid-post-link\"\n                        href=\"https:\/\/primedentistanbul.com\/de\/blog\/dauer-der-implantatbehandlung\/\"\n                        title=\"Dauer der Implantatbehandlung\">Dauer der Implantatbehandlung<\/a><\/h2><\/header><div class=\"eael-entry-content\">\n                        <div class=\"eael-grid-post-excerpt\"><p>Dauer der Implantatbehandlung Die Implantatbehandlung ist eine Methode, die angewendet...<\/p><a\n                            href=\"https:\/\/primedentistanbul.com\/de\/blog\/dauer-der-implantatbehandlung\/\"\n                            class=\"eael-post-elements-readmore-btn\">Weiterlesen<\/a><\/div>\n                    <\/div><div class=\"eael-entry-footer\"><div class=\"eael-entry-meta\"><\/div><\/div><\/div><\/div>\n        <\/div>\n    <\/article><article class=\"eael-grid-post eael-post-grid-column\" data-id=\"3299\">\n        <div class=\"eael-grid-post-holder\">\n            <div class=\"eael-grid-post-holder-inner\"><div class=\"eael-entry-media\"><div class=\"eael-entry-overlay fade-in\"><i class=\"icon icon-tooth-1\" aria-hidden=\"true\"><\/i><a href=\"https:\/\/primedentistanbul.com\/de\/blog\/vorteile-der-digitalen-zahnmedizin\/\"><\/a><\/div><div class=\"eael-entry-thumbnail \">\n                <img loading=\"lazy\" decoding=\"async\" width=\"1382\" height=\"829\" src=\"https:\/\/primedentistanbul.com\/de\/wp-content\/uploads\/dijital-dis-hekimligi.jpg\" class=\"attachment-medium size-medium wp-image-3301\" alt=\"\" srcset=\"https:\/\/primedentistanbul.com\/de\/wp-content\/uploads\/dijital-dis-hekimligi.jpg 1382w, https:\/\/primedentistanbul.com\/de\/wp-content\/uploads\/dijital-dis-hekimligi-768x461.jpg 768w\" sizes=\"auto, (max-width: 1382px) 100vw, 1382px\" \/>\n            <\/div>\n        <\/div><div class=\"eael-entry-wrapper\"><header class=\"eael-entry-header\"><h2 class=\"eael-entry-title\"><a\n                        class=\"eael-grid-post-link\"\n                        href=\"https:\/\/primedentistanbul.com\/de\/blog\/vorteile-der-digitalen-zahnmedizin\/\"\n                        title=\"Vorteile der digitalen Zahnmedizin\">Vorteile der digitalen Zahnmedizin<\/a><\/h2><\/header><div class=\"eael-entry-content\">\n                        <div class=\"eael-grid-post-excerpt\"><p>Vorteile der digitalen Zahnmedizin Mit der Entwicklung digitaler Technologien hat...<\/p><a\n                            href=\"https:\/\/primedentistanbul.com\/de\/blog\/vorteile-der-digitalen-zahnmedizin\/\"\n                            class=\"eael-post-elements-readmore-btn\">Weiterlesen<\/a><\/div>\n                    <\/div><div class=\"eael-entry-footer\"><div class=\"eael-entry-meta\"><\/div><\/div><\/div><\/div>\n        <\/div>\n    <\/article><article class=\"eael-grid-post eael-post-grid-column\" data-id=\"3293\">\n        <div class=\"eael-grid-post-holder\">\n            <div class=\"eael-grid-post-holder-inner\"><div class=\"eael-entry-media\"><div class=\"eael-entry-overlay fade-in\"><i class=\"icon icon-tooth-1\" aria-hidden=\"true\"><\/i><a href=\"https:\/\/primedentistanbul.com\/de\/blog\/behandlung-von-schnarchen-in-der-zahnmedizin\/\"><\/a><\/div><div class=\"eael-entry-thumbnail \">\n                <img loading=\"lazy\" decoding=\"async\" width=\"1382\" height=\"829\" src=\"https:\/\/primedentistanbul.com\/de\/wp-content\/uploads\/horlama-tedavisi-1.jpg\" class=\"attachment-medium size-medium wp-image-3295\" alt=\"\" srcset=\"https:\/\/primedentistanbul.com\/de\/wp-content\/uploads\/horlama-tedavisi-1.jpg 1382w, https:\/\/primedentistanbul.com\/de\/wp-content\/uploads\/horlama-tedavisi-1-768x461.jpg 768w\" sizes=\"auto, (max-width: 1382px) 100vw, 1382px\" \/>\n            <\/div>\n        <\/div><div class=\"eael-entry-wrapper\"><header class=\"eael-entry-header\"><h2 class=\"eael-entry-title\"><a\n                        class=\"eael-grid-post-link\"\n                        href=\"https:\/\/primedentistanbul.com\/de\/blog\/behandlung-von-schnarchen-in-der-zahnmedizin\/\"\n                        title=\"Behandlung von Schnarchen in der Zahnmedizin\">Behandlung von Schnarchen in der Zahnmedizin<\/a><\/h2><\/header><div class=\"eael-entry-content\">\n                        <div class=\"eael-grid-post-excerpt\"><p>Behandlung von Schnarchen in der Zahnmedizin Schnarchen ist ein h\u00e4ufiges...<\/p><a\n                            href=\"https:\/\/primedentistanbul.com\/de\/blog\/behandlung-von-schnarchen-in-der-zahnmedizin\/\"\n                            class=\"eael-post-elements-readmore-btn\">Weiterlesen<\/a><\/div>\n                    <\/div><div class=\"eael-entry-footer\"><div class=\"eael-entry-meta\"><\/div><\/div><\/div><\/div>\n        <\/div>\n    <\/article><article class=\"eael-grid-post eael-post-grid-column\" data-id=\"3287\">\n        <div class=\"eael-grid-post-holder\">\n            <div class=\"eael-grid-post-holder-inner\"><div class=\"eael-entry-media\"><div class=\"eael-entry-overlay fade-in\"><i class=\"icon icon-tooth-1\" aria-hidden=\"true\"><\/i><a href=\"https:\/\/primedentistanbul.com\/de\/blog\/unterschiede-zwischen-kieferorthopadischer-behandlung-mit-zahnspangen-und-transparenten-alignern\/\"><\/a><\/div><div class=\"eael-entry-thumbnail \">\n                <img loading=\"lazy\" decoding=\"async\" width=\"1382\" height=\"829\" src=\"https:\/\/primedentistanbul.com\/de\/wp-content\/uploads\/dis-teli-ve-seffaf-plak-arasindaki-farklar.jpg\" class=\"attachment-medium size-medium wp-image-3289\" alt=\"\" srcset=\"https:\/\/primedentistanbul.com\/de\/wp-content\/uploads\/dis-teli-ve-seffaf-plak-arasindaki-farklar.jpg 1382w, https:\/\/primedentistanbul.com\/de\/wp-content\/uploads\/dis-teli-ve-seffaf-plak-arasindaki-farklar-768x461.jpg 768w\" sizes=\"auto, (max-width: 1382px) 100vw, 1382px\" \/>\n            <\/div>\n        <\/div><div class=\"eael-entry-wrapper\"><header class=\"eael-entry-header\"><h2 class=\"eael-entry-title\"><a\n                        class=\"eael-grid-post-link\"\n                        href=\"https:\/\/primedentistanbul.com\/de\/blog\/unterschiede-zwischen-kieferorthopadischer-behandlung-mit-zahnspangen-und-transparenten-alignern\/\"\n                        title=\"Unterschiede zwischen kieferorthop\u00e4discher Behandlung mit Zahnspangen und transparenten Alignern\">Unterschiede zwischen kieferorthop\u00e4discher Behandlung mit Zahnspangen und transparenten Alignern<\/a><\/h2><\/header><div class=\"eael-entry-content\">\n                        <div class=\"eael-grid-post-excerpt\"><p>Unterschiede zwischen kieferorthop\u00e4discher Behandlung mit Zahnspangen und transparenten Alignern Die...<\/p><a\n                            href=\"https:\/\/primedentistanbul.com\/de\/blog\/unterschiede-zwischen-kieferorthopadischer-behandlung-mit-zahnspangen-und-transparenten-alignern\/\"\n                            class=\"eael-post-elements-readmore-btn\">Weiterlesen<\/a><\/div>\n                    <\/div><div class=\"eael-entry-footer\"><div class=\"eael-entry-meta\"><\/div><\/div><\/div><\/div>\n        <\/div>\n    <\/article><article class=\"eael-grid-post eael-post-grid-column\" data-id=\"3281\">\n        <div class=\"eael-grid-post-holder\">\n            <div class=\"eael-grid-post-holder-inner\"><div class=\"eael-entry-media\"><div class=\"eael-entry-overlay fade-in\"><i class=\"icon icon-tooth-1\" aria-hidden=\"true\"><\/i><a href=\"https:\/\/primedentistanbul.com\/de\/blog\/warum-tritt-die-angst-vor-dem-zahnarzt-phobie-auf\/\"><\/a><\/div><div class=\"eael-entry-thumbnail \">\n                <img loading=\"lazy\" decoding=\"async\" width=\"1382\" height=\"829\" src=\"https:\/\/primedentistanbul.com\/de\/wp-content\/uploads\/dis-hekimi-korkusu.jpg\" class=\"attachment-medium size-medium wp-image-3283\" alt=\"\" srcset=\"https:\/\/primedentistanbul.com\/de\/wp-content\/uploads\/dis-hekimi-korkusu.jpg 1382w, https:\/\/primedentistanbul.com\/de\/wp-content\/uploads\/dis-hekimi-korkusu-768x461.jpg 768w\" sizes=\"auto, (max-width: 1382px) 100vw, 1382px\" \/>\n            <\/div>\n        <\/div><div class=\"eael-entry-wrapper\"><header class=\"eael-entry-header\"><h2 class=\"eael-entry-title\"><a\n                        class=\"eael-grid-post-link\"\n                        href=\"https:\/\/primedentistanbul.com\/de\/blog\/warum-tritt-die-angst-vor-dem-zahnarzt-phobie-auf\/\"\n                        title=\"Warum tritt die Angst vor dem Zahnarzt (Phobie) auf?\">Warum tritt die Angst vor dem Zahnarzt (Phobie) auf?<\/a><\/h2><\/header><div class=\"eael-entry-content\">\n                        <div class=\"eael-grid-post-excerpt\"><p>Warum tritt die Angst vor dem Zahnarzt (Phobie) auf? Zahnarztangst...<\/p><a\n                            href=\"https:\/\/primedentistanbul.com\/de\/blog\/warum-tritt-die-angst-vor-dem-zahnarzt-phobie-auf\/\"\n                            class=\"eael-post-elements-readmore-btn\">Weiterlesen<\/a><\/div>\n                    <\/div><div class=\"eael-entry-footer\"><div class=\"eael-entry-meta\"><\/div><\/div><\/div><\/div>\n        <\/div>\n    <\/article><article class=\"eael-grid-post eael-post-grid-column\" data-id=\"3269\">\n        <div class=\"eael-grid-post-holder\">\n            <div class=\"eael-grid-post-holder-inner\"><div class=\"eael-entry-media\"><div class=\"eael-entry-overlay fade-in\"><i class=\"icon icon-tooth-1\" aria-hidden=\"true\"><\/i><a href=\"https:\/\/primedentistanbul.com\/de\/blog\/zahngesundheit-wahrend-der-schwangerschaft\/\"><\/a><\/div><div class=\"eael-entry-thumbnail \">\n                <img loading=\"lazy\" decoding=\"async\" width=\"1382\" height=\"829\" src=\"https:\/\/primedentistanbul.com\/de\/wp-content\/uploads\/hamilelikte-dis-sagligi.jpg\" class=\"attachment-medium size-medium wp-image-3271\" alt=\"\" srcset=\"https:\/\/primedentistanbul.com\/de\/wp-content\/uploads\/hamilelikte-dis-sagligi.jpg 1382w, https:\/\/primedentistanbul.com\/de\/wp-content\/uploads\/hamilelikte-dis-sagligi-768x461.jpg 768w\" sizes=\"auto, (max-width: 1382px) 100vw, 1382px\" \/>\n            <\/div>\n        <\/div><div class=\"eael-entry-wrapper\"><header class=\"eael-entry-header\"><h2 class=\"eael-entry-title\"><a\n                        class=\"eael-grid-post-link\"\n                        href=\"https:\/\/primedentistanbul.com\/de\/blog\/zahngesundheit-wahrend-der-schwangerschaft\/\"\n                        title=\"Zahngesundheit w\u00e4hrend der Schwangerschaft\">Zahngesundheit w\u00e4hrend der Schwangerschaft<\/a><\/h2><\/header><div class=\"eael-entry-content\">\n                        <div class=\"eael-grid-post-excerpt\"><p>Zahngesundheit w\u00e4hrend der Schwangerschaft Worauf sollte man w\u00e4hrend der Schwangerschaft...<\/p><a\n                            href=\"https:\/\/primedentistanbul.com\/de\/blog\/zahngesundheit-wahrend-der-schwangerschaft\/\"\n                            class=\"eael-post-elements-readmore-btn\">Weiterlesen<\/a><\/div>\n                    <\/div><div class=\"eael-entry-footer\"><div class=\"eael-entry-meta\"><\/div><\/div><\/div><\/div>\n        <\/div>\n    <\/article><article class=\"eael-grid-post eael-post-grid-column\" data-id=\"3263\">\n        <div class=\"eael-grid-post-holder\">\n            <div class=\"eael-grid-post-holder-inner\"><div class=\"eael-entry-media\"><div class=\"eael-entry-overlay fade-in\"><i class=\"icon icon-tooth-1\" aria-hidden=\"true\"><\/i><a href=\"https:\/\/primedentistanbul.com\/de\/blog\/ernahrung-und-zahngesundheit\/\"><\/a><\/div><div class=\"eael-entry-thumbnail \">\n                <img loading=\"lazy\" decoding=\"async\" width=\"1382\" height=\"829\" src=\"https:\/\/primedentistanbul.com\/de\/wp-content\/uploads\/beslenme-ve-agiz-sagligi.jpg\" class=\"attachment-medium size-medium wp-image-3265\" alt=\"\" srcset=\"https:\/\/primedentistanbul.com\/de\/wp-content\/uploads\/beslenme-ve-agiz-sagligi.jpg 1382w, https:\/\/primedentistanbul.com\/de\/wp-content\/uploads\/beslenme-ve-agiz-sagligi-768x461.jpg 768w\" sizes=\"auto, (max-width: 1382px) 100vw, 1382px\" \/>\n            <\/div>\n        <\/div><div class=\"eael-entry-wrapper\"><header class=\"eael-entry-header\"><h2 class=\"eael-entry-title\"><a\n                        class=\"eael-grid-post-link\"\n                        href=\"https:\/\/primedentistanbul.com\/de\/blog\/ernahrung-und-zahngesundheit\/\"\n                        title=\"Ern\u00e4hrung und Zahngesundheit\">Ern\u00e4hrung und Zahngesundheit<\/a><\/h2><\/header><div class=\"eael-entry-content\">\n                        <div class=\"eael-grid-post-excerpt\"><p>Ern\u00e4hrung und Zahngesundheit Ern\u00e4hrungsgewohnheiten sind ein wichtiger Faktor f\u00fcr die...<\/p><a\n                            href=\"https:\/\/primedentistanbul.com\/de\/blog\/ernahrung-und-zahngesundheit\/\"\n                            class=\"eael-post-elements-readmore-btn\">Weiterlesen<\/a><\/div>\n                    <\/div><div class=\"eael-entry-footer\"><div class=\"eael-entry-meta\"><\/div><\/div><\/div><\/div>\n        <\/div>\n    <\/article><article class=\"eael-grid-post eael-post-grid-column\" data-id=\"3257\">\n        <div class=\"eael-grid-post-holder\">\n            <div class=\"eael-grid-post-holder-inner\"><div class=\"eael-entry-media\"><div class=\"eael-entry-overlay fade-in\"><i class=\"icon icon-tooth-1\" aria-hidden=\"true\"><\/i><a href=\"https:\/\/primedentistanbul.com\/de\/blog\/was-verursacht-mundgeruch\/\"><\/a><\/div><div class=\"eael-entry-thumbnail \">\n                <img loading=\"lazy\" decoding=\"async\" width=\"1382\" height=\"829\" src=\"https:\/\/primedentistanbul.com\/de\/wp-content\/uploads\/agiz-kokusu-neden-olur.jpg\" class=\"attachment-medium size-medium wp-image-3259\" alt=\"\" srcset=\"https:\/\/primedentistanbul.com\/de\/wp-content\/uploads\/agiz-kokusu-neden-olur.jpg 1382w, https:\/\/primedentistanbul.com\/de\/wp-content\/uploads\/agiz-kokusu-neden-olur-768x461.jpg 768w\" sizes=\"auto, (max-width: 1382px) 100vw, 1382px\" \/>\n            <\/div>\n        <\/div><div class=\"eael-entry-wrapper\"><header class=\"eael-entry-header\"><h2 class=\"eael-entry-title\"><a\n                        class=\"eael-grid-post-link\"\n                        href=\"https:\/\/primedentistanbul.com\/de\/blog\/was-verursacht-mundgeruch\/\"\n                        title=\"Was verursacht Mundgeruch?\">Was verursacht Mundgeruch?<\/a><\/h2><\/header><div class=\"eael-entry-content\">\n                        <div class=\"eael-grid-post-excerpt\"><p>Was verursacht Mundgeruch? Mundgeruch ist ein h\u00e4ufiges Problem, das den...<\/p><a\n                            href=\"https:\/\/primedentistanbul.com\/de\/blog\/was-verursacht-mundgeruch\/\"\n                            class=\"eael-post-elements-readmore-btn\">Weiterlesen<\/a><\/div>\n                    <\/div><div class=\"eael-entry-footer\"><div class=\"eael-entry-meta\"><\/div><\/div><\/div><\/div>\n        <\/div>\n    <\/article><article class=\"eael-grid-post eael-post-grid-column\" data-id=\"3223\">\n        <div class=\"eael-grid-post-holder\">\n            <div class=\"eael-grid-post-holder-inner\"><div class=\"eael-entry-media\"><div class=\"eael-entry-overlay fade-in\"><i class=\"icon icon-tooth-1\" aria-hidden=\"true\"><\/i><a href=\"https:\/\/primedentistanbul.com\/de\/blog\/welche-zahnputztechniken-gibt-es\/\"><\/a><\/div><div class=\"eael-entry-thumbnail \">\n                <img loading=\"lazy\" decoding=\"async\" width=\"1382\" height=\"829\" src=\"https:\/\/primedentistanbul.com\/de\/wp-content\/uploads\/dis-fircalama-teknikleri-nelerdir.jpg\" class=\"attachment-medium size-medium wp-image-3229\" alt=\"\" srcset=\"https:\/\/primedentistanbul.com\/de\/wp-content\/uploads\/dis-fircalama-teknikleri-nelerdir.jpg 1382w, https:\/\/primedentistanbul.com\/de\/wp-content\/uploads\/dis-fircalama-teknikleri-nelerdir-768x461.jpg 768w\" sizes=\"auto, (max-width: 1382px) 100vw, 1382px\" \/>\n            <\/div>\n        <\/div><div class=\"eael-entry-wrapper\"><header class=\"eael-entry-header\"><h2 class=\"eael-entry-title\"><a\n                        class=\"eael-grid-post-link\"\n                        href=\"https:\/\/primedentistanbul.com\/de\/blog\/welche-zahnputztechniken-gibt-es\/\"\n                        title=\"Welche Zahnputztechniken gibt es?\">Welche Zahnputztechniken gibt es?<\/a><\/h2><\/header><div class=\"eael-entry-content\">\n                        <div class=\"eael-grid-post-excerpt\"><p>Welche Zahnputztechniken gibt es? Zahnputztechniken sind sehr wichtig f\u00fcr die...<\/p><a\n                            href=\"https:\/\/primedentistanbul.com\/de\/blog\/welche-zahnputztechniken-gibt-es\/\"\n                            class=\"eael-post-elements-readmore-btn\">Weiterlesen<\/a><\/div>\n                    <\/div><div class=\"eael-entry-footer\"><div class=\"eael-entry-meta\"><\/div><\/div><\/div><\/div>\n        <\/div>\n    <\/article><\/div>\n            <div class=\"clearfix\"><\/div>\n        <\/div>\t\t<\/div>\n\t\t\t\t<\/div>\n\t\t\t\t\t<\/div>\n\t\t<\/div>\n\t\t\t\t\t\t\t<\/div>\n\t\t<\/section>\n\t\t\t\t\t\t\t<\/div>\n\t\t","protected":false},"excerpt":{"rendered":"<p>Blog Duration of Implant Treatment Implant Treatment Duration Implant treatment is a method used when&#8230; Weiterlesen Advantages of Digital Dentistry Advantages of Digital Dentistry With the development of digital technology,&#8230; Weiterlesen Snoring Treatment in Dentistry Treatment for Snoring in Dentistry Snoring is a common problem&#8230; Weiterlesen Differences Between Braces Treatment and Clear Aligners Differences between [&hellip;]<\/p>\n","protected":false},"author":1,"featured_media":0,"parent":0,"menu_order":0,"comment_status":"closed","ping_status":"closed","template":"","meta":{"inline_featured_image":false,"footnotes":""},"class_list":["post-372","page","type-page","status-publish","hentry"],"_links":{"self":[{"href":"https:\/\/primedentistanbul.com\/de\/wp-json\/wp\/v2\/pages\/372","targetHints":{"allow":["GET"]}}],"collection":[{"href":"https:\/\/primedentistanbul.com\/de\/wp-json\/wp\/v2\/pages"}],"about":[{"href":"https:\/\/primedentistanbul.com\/de\/wp-json\/wp\/v2\/types\/page"}],"author":[{"embeddable":true,"href":"https:\/\/primedentistanbul.com\/de\/wp-json\/wp\/v2\/users\/1"}],"replies":[{"embeddable":true,"href":"https:\/\/primedentistanbul.com\/de\/wp-json\/wp\/v2\/comments?post=372"}],"version-history":[{"count":0,"href":"https:\/\/primedentistanbul.com\/de\/wp-json\/wp\/v2\/pages\/372\/revisions"}],"wp:attachment":[{"href":"https:\/\/primedentistanbul.com\/de\/wp-json\/wp\/v2\/media?parent=372"}],"curies":[{"name":"wp","href":"https:\/\/api.w.org\/{rel}","templated":true}]}}