{"id":3178,"date":"2023-04-30T22:12:14","date_gmt":"2023-04-30T19:12:14","guid":{"rendered":"https:\/\/primedentistanbul.com\/de\/?page_id=3178"},"modified":"2023-05-15T16:11:38","modified_gmt":"2023-05-15T13:11:38","slug":"cookie-policy","status":"publish","type":"page","link":"https:\/\/primedentistanbul.com\/de\/cookie-policy\/","title":{"rendered":"Cookie Policy"},"content":{"rendered":"\t\t<div data-elementor-type=\"wp-page\" data-elementor-id=\"3178\" class=\"elementor elementor-3178\">\n\t\t\t\t\t\t\t\t\t<section class=\"elementor-section elementor-top-section elementor-element elementor-element-67fdf94 elementor-section-boxed elementor-section-height-default elementor-section-height-default\" data-id=\"67fdf94\" data-element_type=\"section\">\n\t\t\t\t\t\t<div class=\"elementor-container elementor-column-gap-default\">\n\t\t\t\t\t<div class=\"elementor-column elementor-col-100 elementor-top-column elementor-element elementor-element-ba32ff1\" data-id=\"ba32ff1\" data-element_type=\"column\">\n\t\t\t<div class=\"elementor-widget-wrap elementor-element-populated\">\n\t\t\t\t\t\t\t\t<div class=\"elementor-element elementor-element-888398a elementor-widget elementor-widget-text-editor\" data-id=\"888398a\" data-element_type=\"widget\" data-widget_type=\"text-editor.default\">\n\t\t\t\t<div class=\"elementor-widget-container\">\n\t\t\t<style>\/*! elementor - v3.12.2 - 23-04-2023 *\/\n.elementor-widget-text-editor.elementor-drop-cap-view-stacked .elementor-drop-cap{background-color:#69727d;color:#fff}.elementor-widget-text-editor.elementor-drop-cap-view-framed .elementor-drop-cap{color:#69727d;border:3px solid;background-color:transparent}.elementor-widget-text-editor:not(.elementor-drop-cap-view-default) .elementor-drop-cap{margin-top:8px}.elementor-widget-text-editor:not(.elementor-drop-cap-view-default) .elementor-drop-cap-letter{width:1em;height:1em}.elementor-widget-text-editor .elementor-drop-cap{float:left;text-align:center;line-height:1;font-size:50px}.elementor-widget-text-editor .elementor-drop-cap-letter{display:inline-block}<\/style>\t\t\t\t<h1>Cookie Policy<\/h1><p>Wir, Prime Dent Istanbul Zahnklinik, legen Wert auf Ihre Sicherheit und m\u00f6chten Sie mit dieser Cookie-Richtlinie \u00fcber die auf unserer Website verwendeten Cookies, den Zweck ihrer Verwendung und wie Sie Ihre Cookie-Einstellungen \u00e4ndern k\u00f6nnen, informieren.<\/p><p>Um Ihnen besseren Service bieten zu k\u00f6nnen, verwenden wir verschiedene Cookies, um Informationen dar\u00fcber zu sammeln, welche personenbezogenen Daten zu welchem Zweck erfasst und verarbeitet werden. Bitte lesen Sie diese Cookie-Richtlinie, um eine kurze \u00dcbersicht \u00fcber die Verarbeitung Ihrer Daten zu erhalten. F\u00fcr weitere Informationen k\u00f6nnen Sie unsere Datenschutzrichtlinie einsehen oder uns gerne kontaktieren.<\/p><h2>Was sind Cookies?<\/h2><p>Cookies sind kleine Dateien, die auf Ihren Ger\u00e4ten gespeichert werden und es den Benutzern erm\u00f6glichen, Websites effizienter zu nutzen. Da durch Cookies personenbezogene Daten der Benutzer verarbeitet werden, m\u00fcssen Benutzer gem\u00e4\u00df dem t\u00fcrkischen Datenschutzgesetz Nr. 6698 \u00fcber diese informiert und ihre Zustimmung eingeholt werden.<\/p><p>Um Ihnen, unseren gesch\u00e4tzten Besuchern, eine effiziente Nutzung unserer Website zu erm\u00f6glichen und Ihre Benutzererfahrung zu verbessern, verwenden wir verschiedene Arten von Cookies.<\/p><ol><li><p>Notwendige Cookies Notwendige Cookies sind Cookies, die die grundlegenden Funktionen der Website aktivieren und die Benutzung der Website erm\u00f6glichen. Die Website funktioniert nicht ordnungsgem\u00e4\u00df ohne diese Cookies.<\/p><\/li><li><p>Leistungscookies Leistungscookies sind Cookies, die anonym die Nutzungsinformationen und Pr\u00e4ferenzen der Besucher der Website sammeln und damit die Leistung der Website verbessern.<\/p><\/li><li><p>Funktionale Cookies Funktionale Cookies erm\u00f6glichen es Benutzern, aufgrund ihrer fr\u00fcheren Nutzung der Website erkannt und erinnert zu werden, damit die Websites personalisierte Dienste wie Sprache, Region usw. anbieten k\u00f6nnen.<\/p><\/li><li><p>Werbe-Cookies Werbe-Cookies sind Cookies von Drittanbietern, die verwendet werden, um das Verhalten der Besucher auf Websites zu verfolgen. Diese Cookies dienen dazu, relevante Anzeigen anzubieten, die das Interesse der Besucher ansprechen. Die Verantwortung f\u00fcr diese Cookies liegt bei den Drittanbietern, die die Cookies besitzen.<\/p><\/li><\/ol><h3>Welche personenbezogenen Daten werden mit Cookies verarbeitet?<\/h3><p>Wir verarbeiten Ihre Identifikationsdaten (Name, Nachname, Geburtsdatum usw.) und Kontaktdaten (Adresse, E-Mail-Adresse, Telefon, IP, Standort usw.) durch Cookies (Cookies), automatische oder nicht automatische Methoden und manchmal auch durch analytische Anbieter, Werbenetzwerke, Suchinformationsanbieter, Technologieanbieter und andere Dritte, um unseren Service und die Vertragsbeziehung zwischen uns im Rahmen des berechtigten Interesses zu erbringen, zu speichern, zu aktualisieren und zu speichern.<\/p><p>Zu welchem Zweck werden Cookies verwendet? Wir verwenden Cookies auf unserer Website, um die Sicherheit durch die Erkennung verd\u00e4chtiger Aktivit\u00e4ten zu gew\u00e4hrleisten, die Funktionalit\u00e4t und Leistung basierend auf den Pr\u00e4ferenzen der Benutzer zu verbessern, die Entwicklung und Personalisierung von Produkten und Dienstleistungen zu unterst\u00fctzen, den Zugriff auf diese<\/p>\t\t\t\t\t\t<\/div>\n\t\t\t\t<\/div>\n\t\t\t\t\t<\/div>\n\t\t<\/div>\n\t\t\t\t\t\t\t<\/div>\n\t\t<\/section>\n\t\t\t\t\t\t\t<\/div>\n\t\t","protected":false},"excerpt":{"rendered":"<p>Cookie Policy Wir, Prime Dent Istanbul Zahnklinik, legen Wert auf Ihre Sicherheit und m\u00f6chten Sie mit dieser Cookie-Richtlinie \u00fcber die auf unserer Website verwendeten Cookies, den Zweck ihrer Verwendung und wie Sie Ihre Cookie-Einstellungen \u00e4ndern k\u00f6nnen, informieren. Um Ihnen besseren Service bieten zu k\u00f6nnen, verwenden wir verschiedene Cookies, um Informationen dar\u00fcber zu sammeln, welche personenbezogenen [&hellip;]<\/p>\n","protected":false},"author":1,"featured_media":0,"parent":0,"menu_order":0,"comment_status":"closed","ping_status":"closed","template":"","meta":{"inline_featured_image":false,"footnotes":""},"class_list":["post-3178","page","type-page","status-publish","hentry"],"_links":{"self":[{"href":"https:\/\/primedentistanbul.com\/de\/wp-json\/wp\/v2\/pages\/3178","targetHints":{"allow":["GET"]}}],"collection":[{"href":"https:\/\/primedentistanbul.com\/de\/wp-json\/wp\/v2\/pages"}],"about":[{"href":"https:\/\/primedentistanbul.com\/de\/wp-json\/wp\/v2\/types\/page"}],"author":[{"embeddable":true,"href":"https:\/\/primedentistanbul.com\/de\/wp-json\/wp\/v2\/users\/1"}],"replies":[{"embeddable":true,"href":"https:\/\/primedentistanbul.com\/de\/wp-json\/wp\/v2\/comments?post=3178"}],"version-history":[{"count":0,"href":"https:\/\/primedentistanbul.com\/de\/wp-json\/wp\/v2\/pages\/3178\/revisions"}],"wp:attachment":[{"href":"https:\/\/primedentistanbul.com\/de\/wp-json\/wp\/v2\/media?parent=3178"}],"curies":[{"name":"wp","href":"https:\/\/api.w.org\/{rel}","templated":true}]}}